{"id":15447,"date":"2020-04-27T20:50:28","date_gmt":"2020-04-27T20:50:28","guid":{"rendered":"http:\/\/adra.cloud\/?post_type=product&#038;p=15447"},"modified":"2021-12-15T19:08:14","modified_gmt":"2021-12-15T19:08:14","slug":"covid-19-response","status":"publish","type":"product","link":"https:\/\/donate.adra.cloud\/sl\/campaigns\/covid-19-response\/","title":{"rendered":"COVID-19 Response"},"content":{"rendered":"<p>&nbsp;<\/p>\n<p>Va\u0161 finan\u010dni prispevek pri odzivu na COVID-19 omogo\u010da, da se ADRA odzove na najbolj\u0161i mo\u017eni na\u010din v tej krizi. \u0160e nikoli prej se nismo soo\u010dili z izzivom, kot je ta. Obseg posledic za na\u0161e osebje, projekte in uporabnike je \u0161e vedno neznan.<\/p>\n<p>Dru\u017eine se ravno zdaj soo\u010dajo s te\u017eavami kot so bolezen, nasilje, lakota, pomanjkanje vode in drugimi krizami, medtem ko se \u0161irjenje oku\u017eb s COVID-19 nadaljuje.<\/p>\n<p>Vsak euro, ki ga prispevate, pomaga zagotoviti, da imajo prizadeti podporo, ki jo potrebujejo med to katastrofo in tudi v negotovih mesecih, ki zatem sledijo.<\/p>","protected":false},"excerpt":{"rendered":"<p>Va\u0161 finan\u010dni prispevek pri odzivu na COVID-19 omogo\u010da, da se ADRA odzove na najbolj\u0161i mo\u017eni na\u010din v tej krizi. \u0160e nikoli prej se nismo soo\u010dili z izzivom, kot je ta. Obseg posledic za na\u0161e osebje, projekte in uporabnike je \u0161e vedno neznan.<\/p>\n<p>Dru\u017eine se ravno zdaj soo\u010dajo s te\u017eavami kot so bolezen, nasilje, lakota, pomanjkanje vode in drugimi krizami, medtem ko se \u0161irjenje oku\u017eb s COVID-19 nadaljuje.<\/p>\n<p>Vsak euro, ki ga prispevate, pomaga zagotoviti, da imajo prizadeti podporo, ki jo potrebujejo med to katastrofo in tudi v negotovih mesecih, ki zatem sledijo.<\/p>","protected":false},"featured_media":15569,"template":"","meta":[],"product_cat":[91],"product_tag":[],"acf":[],"_links":{"self":[{"href":"https:\/\/donate.adra.cloud\/sl\/wp-json\/wp\/v2\/product\/15447"}],"collection":[{"href":"https:\/\/donate.adra.cloud\/sl\/wp-json\/wp\/v2\/product"}],"about":[{"href":"https:\/\/donate.adra.cloud\/sl\/wp-json\/wp\/v2\/types\/product"}],"wp:featuredmedia":[{"embeddable":true,"href":"https:\/\/donate.adra.cloud\/sl\/wp-json\/wp\/v2\/media\/15569"}],"wp:attachment":[{"href":"https:\/\/donate.adra.cloud\/sl\/wp-json\/wp\/v2\/media?parent=15447"}],"wp:term":[{"taxonomy":"product_cat","embeddable":true,"href":"https:\/\/donate.adra.cloud\/sl\/wp-json\/wp\/v2\/product_cat?post=15447"},{"taxonomy":"product_tag","embeddable":true,"href":"https:\/\/donate.adra.cloud\/sl\/wp-json\/wp\/v2\/product_tag?post=15447"}],"curies":[{"name":"wp","href":"https:\/\/api.w.org\/{rel}","templated":true}]}}