{"id":15447,"date":"2020-04-27T20:50:28","date_gmt":"2020-04-27T20:50:28","guid":{"rendered":"http:\/\/adra.cloud\/?post_type=product&#038;p=15447"},"modified":"2021-12-15T19:08:14","modified_gmt":"2021-12-15T19:08:14","slug":"covid-19-response","status":"publish","type":"product","link":"https:\/\/donate.adra.cloud\/pt\/campaigns\/covid-19-response\/","title":{"rendered":"COVID-19 Response"},"content":{"rendered":"<p>&nbsp;<\/p>\n<p>Cada euro que d\u00e1 contribui para ajudar a garantir que aqueles que s\u00e3o afectados tenham o apoio que necessitam durante esta cat\u00e1strofe e os meses incertos que se lhe seguem.<\/p>\n<p>As fam\u00edlias enfrentam neste momento desafios como a doen\u00e7a, a viol\u00eancia, a fome, a falta de \u00e1gua e outras crises, uma vez que a COVID-19 continua a alastrar.<\/p>\n<p>Cada euro que d\u00e1 garante que aqueles que s\u00e3o afetados t\u00eam o apoio de que necessitam durante esta cat\u00e1strofe e os meses incertos que se seguem.<\/p>","protected":false},"excerpt":{"rendered":"<p>Cada euro que d\u00e1 contribui para ajudar a garantir que aqueles que s\u00e3o afectados tenham o apoio que necessitam durante esta cat\u00e1strofe e os meses incertos que se lhe seguem.<\/p>\n<p>As fam\u00edlias enfrentam neste momento desafios como a doen\u00e7a, a viol\u00eancia, a fome, a falta de \u00e1gua e outras crises, uma vez que a COVID-19 continua a alastrar.<\/p>\n<p>Cada euro que d\u00e1 garante que aqueles que s\u00e3o afetados t\u00eam o apoio de que necessitam durante esta cat\u00e1strofe e os meses incertos que se seguem.<\/p>","protected":false},"featured_media":15569,"template":"","meta":[],"product_cat":[91],"product_tag":[],"acf":[],"_links":{"self":[{"href":"https:\/\/donate.adra.cloud\/pt\/wp-json\/wp\/v2\/product\/15447"}],"collection":[{"href":"https:\/\/donate.adra.cloud\/pt\/wp-json\/wp\/v2\/product"}],"about":[{"href":"https:\/\/donate.adra.cloud\/pt\/wp-json\/wp\/v2\/types\/product"}],"wp:featuredmedia":[{"embeddable":true,"href":"https:\/\/donate.adra.cloud\/pt\/wp-json\/wp\/v2\/media\/15569"}],"wp:attachment":[{"href":"https:\/\/donate.adra.cloud\/pt\/wp-json\/wp\/v2\/media?parent=15447"}],"wp:term":[{"taxonomy":"product_cat","embeddable":true,"href":"https:\/\/donate.adra.cloud\/pt\/wp-json\/wp\/v2\/product_cat?post=15447"},{"taxonomy":"product_tag","embeddable":true,"href":"https:\/\/donate.adra.cloud\/pt\/wp-json\/wp\/v2\/product_tag?post=15447"}],"curies":[{"name":"wp","href":"https:\/\/api.w.org\/{rel}","templated":true}]}}