{"id":16369,"date":"2021-05-05T14:49:27","date_gmt":"2021-05-05T14:49:27","guid":{"rendered":"https:\/\/donate.adra.cloud\/?post_type=product&#038;p=16369"},"modified":"2021-12-15T19:08:23","modified_gmt":"2021-12-15T19:08:23","slug":"first-aid-to-the-most-affected-people-in-armed-conflict-situation-update","status":"publish","type":"product","link":"https:\/\/donate.adra.cloud\/fr\/campaigns\/first-aid-to-the-most-affected-people-in-armed-conflict-situation-update\/","title":{"rendered":"Premiers secours aux personnes les plus touch\u00e9es dans une situation de conflit arm\u00e9"},"content":{"rendered":"<p>Narine, avec sa famille de 8 personnes, a \u00e9t\u00e9 forc\u00e9e de quitter le Haut-Karabakh pendant la guerre. Sa famille est devenue le b\u00e9n\u00e9ficiaire d'ADRA Arm\u00e9nie parmi d'autres 2500 familles. Narine et son mari r\u00eavent d'un emploi stable pour \u00e9lever quatre enfants et prendre soin de leurs parents \u00e2g\u00e9s. Il n'est pas facile de recommencer une nouvelle vie \u00e0 partir de rien, mais la famille Narine, ainsi que d'autres familles similaires, n'abandonnent pas tant que nous sommes tous \u00e0 leurs c\u00f4t\u00e9s pour soutenir et aider.<\/p>","protected":false},"excerpt":{"rendered":"<ol>\n<li>Narine, avec sa famille de 8 personnes, a \u00e9t\u00e9 forc\u00e9e de quitter le Haut-Karabakh pendant la guerre. Sa famille est devenue le b\u00e9n\u00e9ficiaire d'ADRA Arm\u00e9nie parmi d'autres 2500 familles. Narine et son mari r\u00eavent d'un emploi stable pour \u00e9lever quatre enfants et prendre soin de leurs parents \u00e2g\u00e9s. Il n'est pas facile de recommencer une nouvelle vie \u00e0 partir de rien, mais la famille Narine, ainsi que d'autres familles similaires, n'abandonnent pas tant que nous sommes tous \u00e0 leurs c\u00f4t\u00e9s pour soutenir et aider.<\/li>\n<\/ol>","protected":false},"featured_media":16371,"template":"","meta":[],"product_cat":[91],"product_tag":[],"acf":[],"_links":{"self":[{"href":"https:\/\/donate.adra.cloud\/fr\/wp-json\/wp\/v2\/product\/16369"}],"collection":[{"href":"https:\/\/donate.adra.cloud\/fr\/wp-json\/wp\/v2\/product"}],"about":[{"href":"https:\/\/donate.adra.cloud\/fr\/wp-json\/wp\/v2\/types\/product"}],"wp:featuredmedia":[{"embeddable":true,"href":"https:\/\/donate.adra.cloud\/fr\/wp-json\/wp\/v2\/media\/16371"}],"wp:attachment":[{"href":"https:\/\/donate.adra.cloud\/fr\/wp-json\/wp\/v2\/media?parent=16369"}],"wp:term":[{"taxonomy":"product_cat","embeddable":true,"href":"https:\/\/donate.adra.cloud\/fr\/wp-json\/wp\/v2\/product_cat?post=16369"},{"taxonomy":"product_tag","embeddable":true,"href":"https:\/\/donate.adra.cloud\/fr\/wp-json\/wp\/v2\/product_tag?post=16369"}],"curies":[{"name":"wp","href":"https:\/\/api.w.org\/{rel}","templated":true}]}}