{"id":16289,"date":"2020-09-29T18:52:08","date_gmt":"2020-09-29T18:52:08","guid":{"rendered":"https:\/\/donate.adra.cloud\/?post_type=product&#038;p=16289"},"modified":"2021-12-15T19:08:21","modified_gmt":"2021-12-15T19:08:21","slug":"firstaid-armenia","status":"publish","type":"product","link":"https:\/\/donate.adra.cloud\/fr-fr\/campaigns\/firstaid-armenia\/","title":{"rendered":"Premiers secours aux personnes les plus touch\u00e9es dans une situation de conflit arm\u00e9"},"content":{"rendered":"<p>Le r\u00e8glement pacifique de toute la r\u00e9gion d'Artsakh et de Vardenis en Arm\u00e9nie est attaqu\u00e9 par des missiles et des blind\u00e9s a\u00e9riens. Plus de 100 personnes sont mortes. Plus de 50% de la population des deux endroits (plus de 25 000 personnes) a \u00e9t\u00e9 d\u00e9plac\u00e9e, en particulier des enfants de tous \u00e2ges, ainsi que des femmes adultes et \u00e2g\u00e9es, parmi lesquelles des enceintes et des personnes handicap\u00e9es. La population d\u00e9plac\u00e9e et aussi la population d'Artsakh ont besoin de notre aide en nourriture et autres n\u00e9cessit\u00e9s de base. Maintenant, ADRA Arm\u00e9nie r\u00e9pond aux besoins de 100 m\u00e9nages. 13 EUR suffisent pour subvenir aux besoins d'une famille pendant une semaine. Vous pouvez sauver les vies.<\/p>","protected":false},"excerpt":{"rendered":"<p>Le r\u00e8glement pacifique de toute la r\u00e9gion d'Artsakh et de Vardenis en Arm\u00e9nie est attaqu\u00e9 par des missiles et des blind\u00e9s a\u00e9riens. Plus de 100 personnes sont mortes. Plus de 50% de la population des deux endroits (plus de 25 000 personnes) a \u00e9t\u00e9 d\u00e9plac\u00e9e, en particulier des enfants de tous \u00e2ges, ainsi que des femmes adultes et \u00e2g\u00e9es, parmi lesquelles des enceintes et des personnes handicap\u00e9es. La population d\u00e9plac\u00e9e et aussi la population d'Artsakh ont besoin de notre aide en nourriture et autres n\u00e9cessit\u00e9s de base. Maintenant, ADRA Arm\u00e9nie r\u00e9pond aux besoins de 100 m\u00e9nages. 13 EUR suffisent pour subvenir aux besoins d'une famille pendant une semaine. Vous pouvez sauver les vies.<\/p>","protected":false},"featured_media":16290,"template":"","meta":[],"product_cat":[91],"product_tag":[],"acf":[],"_links":{"self":[{"href":"https:\/\/donate.adra.cloud\/fr-fr\/wp-json\/wp\/v2\/product\/16289"}],"collection":[{"href":"https:\/\/donate.adra.cloud\/fr-fr\/wp-json\/wp\/v2\/product"}],"about":[{"href":"https:\/\/donate.adra.cloud\/fr-fr\/wp-json\/wp\/v2\/types\/product"}],"wp:featuredmedia":[{"embeddable":true,"href":"https:\/\/donate.adra.cloud\/fr-fr\/wp-json\/wp\/v2\/media\/16290"}],"wp:attachment":[{"href":"https:\/\/donate.adra.cloud\/fr-fr\/wp-json\/wp\/v2\/media?parent=16289"}],"wp:term":[{"taxonomy":"product_cat","embeddable":true,"href":"https:\/\/donate.adra.cloud\/fr-fr\/wp-json\/wp\/v2\/product_cat?post=16289"},{"taxonomy":"product_tag","embeddable":true,"href":"https:\/\/donate.adra.cloud\/fr-fr\/wp-json\/wp\/v2\/product_tag?post=16289"}],"curies":[{"name":"wp","href":"https:\/\/api.w.org\/{rel}","templated":true}]}}