{"id":15447,"date":"2020-04-27T20:50:28","date_gmt":"2020-04-27T20:50:28","guid":{"rendered":"http:\/\/adra.cloud\/?post_type=product&#038;p=15447"},"modified":"2021-12-15T19:08:14","modified_gmt":"2021-12-15T19:08:14","slug":"covid-19-response","status":"publish","type":"product","link":"https:\/\/donate.adra.cloud\/es\/campaigns\/covid-19-response\/","title":{"rendered":"COVID-19 Response"},"content":{"rendered":"<p>&nbsp;<\/p>\n<p>Cada d\u00f3lar que donas contribuye a asegurar que las personas afectadas tengan el apoyo que necesitan durante esta cat\u00e1strofe en los meses inciertos que siguen.<\/p>\n<p>Las familias enfrentan ahora desaf\u00edos como enfermedades, violencia, hambre, falta de agua y otras crisis a medida que COVID-19 contin\u00faa extendi\u00e9ndose.<\/p>\n<p>Cada d\u00f3lar que donas garantiza que las personas afectadas tengan el apoyo que necesitan durante esta cat\u00e1strofe y los meses inciertos que siguen.<\/p>","protected":false},"excerpt":{"rendered":"<p>Cada d\u00f3lar que donas contribuye a asegurar que las personas afectadas tengan el apoyo que necesitan durante esta cat\u00e1strofe en los meses inciertos que siguen.<\/p>\n<p>Las familias enfrentan ahora desaf\u00edos como enfermedades, violencia, hambre, falta de agua y otras crisis a medida que COVID-19 contin\u00faa extendi\u00e9ndose.<\/p>\n<p>Cada d\u00f3lar que donas garantiza que las personas afectadas tengan el apoyo que necesitan durante esta cat\u00e1strofe y los meses inciertos que siguen.<\/p>","protected":false},"featured_media":15569,"template":"","meta":[],"product_cat":[91],"product_tag":[],"acf":[],"_links":{"self":[{"href":"https:\/\/donate.adra.cloud\/es\/wp-json\/wp\/v2\/product\/15447"}],"collection":[{"href":"https:\/\/donate.adra.cloud\/es\/wp-json\/wp\/v2\/product"}],"about":[{"href":"https:\/\/donate.adra.cloud\/es\/wp-json\/wp\/v2\/types\/product"}],"wp:featuredmedia":[{"embeddable":true,"href":"https:\/\/donate.adra.cloud\/es\/wp-json\/wp\/v2\/media\/15569"}],"wp:attachment":[{"href":"https:\/\/donate.adra.cloud\/es\/wp-json\/wp\/v2\/media?parent=15447"}],"wp:term":[{"taxonomy":"product_cat","embeddable":true,"href":"https:\/\/donate.adra.cloud\/es\/wp-json\/wp\/v2\/product_cat?post=15447"},{"taxonomy":"product_tag","embeddable":true,"href":"https:\/\/donate.adra.cloud\/es\/wp-json\/wp\/v2\/product_tag?post=15447"}],"curies":[{"name":"wp","href":"https:\/\/api.w.org\/{rel}","templated":true}]}}